{"id":156,"date":"2016-06-03T09:11:49","date_gmt":"2016-06-03T07:11:49","guid":{"rendered":"https:\/\/pgsweb.andaris.at\/?page_id=156"},"modified":"2017-02-20T12:01:02","modified_gmt":"2017-02-20T11:01:02","slug":"partnerprojekte","status":"publish","type":"page","link":"https:\/\/www.greensmiley.org\/en\/partnerprojekte\/","title":{"rendered":"Partnerprojekte"},"content":{"rendered":"<div class=\"zpRow standard \">\n<div class=\"zpColumn zpColumnWidth1\">\n<div class=\"zpColumnItem\">\n<div id=\"a1375\" class=\"articlearea\">\n<p>Hier findest du unsere offiziellen Partnerprojekte<\/p>\n<\/div>\n<\/div>\n<\/div>\n<\/div>\n<div class=\"zpRow standard \">\n<div class=\"zpColumn zpColumnWidth1\">\n<div class=\"zpColumnItem\">\n<div id=\"a1508\" class=\"articlearea\">\n<h2><span style=\"color: #008000;\">Taschen CITO<\/span><\/h2>\n<p><img loading=\"lazy\" decoding=\"async\" class=\"alignnone wp-image-146 size-full\" src=\"https:\/\/www.greensmiley.info\/wp-content\/uploads\/2016\/06\/tc.jpg\" alt=\"tc\" width=\"180\" height=\"180\" srcset=\"https:\/\/www.greensmiley.org\/wp-content\/uploads\/2016\/06\/tc.jpg 180w, https:\/\/www.greensmiley.org\/wp-content\/uploads\/2016\/06\/tc-150x150.jpg 150w\" sizes=\"auto, (max-width: 180px) 100vw, 180px\" \/><\/p>\n<p>Eng verwandt mit unserem Projekt Green Smiley ist der Taschen CITO.<\/p>\n<p>Weitere Infos findet ihr <a href=\"http:\/\/www.taschen-cito.de\/\" target=\"_blank\">hier&gt;&gt;&gt;<\/a><\/p>\n<\/div>\n<\/div>\n<\/div>\n<\/div>\n<div class=\"zpRow standard \">\n<div class=\"zpColumn zpColumnWidth1\">\n<div class=\"zpColumnItem\">\n<div id=\"a1509\" class=\"articlearea\">\n<h2><span style=\"color: #008000;\">\u00d6sterreichischer Versuchssenderverband \u00d6VSV<\/span><\/h2>\n<p><img loading=\"lazy\" decoding=\"async\" class=\"alignnone wp-image-150 size-full\" src=\"https:\/\/www.greensmiley.info\/wp-content\/uploads\/2016\/06\/oevsv_head.jpg\" alt=\"oevsv_head\" width=\"600\" height=\"63\" srcset=\"https:\/\/www.greensmiley.org\/wp-content\/uploads\/2016\/06\/oevsv_head.jpg 600w, https:\/\/www.greensmiley.org\/wp-content\/uploads\/2016\/06\/oevsv_head-300x32.jpg 300w\" sizes=\"auto, (max-width: 600px) 100vw, 600px\" \/><br \/>\n<img loading=\"lazy\" decoding=\"async\" class=\"alignnone wp-image-149 size-full\" src=\"https:\/\/www.greensmiley.info\/wp-content\/uploads\/2016\/06\/head_adl403.jpg\" alt=\"head_adl403\" width=\"600\" height=\"125\" srcset=\"https:\/\/www.greensmiley.org\/wp-content\/uploads\/2016\/06\/head_adl403.jpg 600w, https:\/\/www.greensmiley.org\/wp-content\/uploads\/2016\/06\/head_adl403-300x63.jpg 300w\" sizes=\"auto, (max-width: 600px) 100vw, 600px\" \/><\/p>\n<p>Der \u00d6sterreichischer Versuchssenderverband \u00d6VSV bzw. die Ortsstelle ADL403 S\u00fcdburgenl\u00e4ndisches H\u00fcgelland unterst\u00fctzt unser Projekt.<br \/>\nEine weitere Verbreitung ist geplant.<\/p>\n<p>Weitere Infos findet ihr <a href=\"http:\/\/adl403.oevsv.at\/\" target=\"_blank\">hier&gt;&gt;&gt;<\/a><\/p>\n<\/div>\n<\/div>\n<\/div>\n<\/div>\n","protected":false},"excerpt":{"rendered":"<p>Hier findest du unsere offiziellen Partnerprojekte Taschen CITO Eng verwandt mit unserem Projekt Green Smiley ist der Taschen CITO. Weitere Infos findet ihr hier&gt;&gt;&gt; \u00d6sterreichischer Versuchssenderverband \u00d6VSV Der \u00d6sterreichischer Versuchssenderverband \u00d6VSV bzw. die Ortsstelle ADL403 S\u00fcdburgenl\u00e4ndisches H\u00fcgelland unterst\u00fctzt unser Projekt. Eine weitere Verbreitung ist geplant. Weitere Infos findet ihr hier&gt;&gt;&gt;<\/p>\n","protected":false},"author":2,"featured_media":0,"parent":0,"menu_order":0,"comment_status":"closed","ping_status":"closed","template":"","meta":{"footnotes":""},"class_list":["post-156","page","type-page","status-publish","hentry"],"translation":{"provider":"WPGlobus","version":"3.0.2","language":"en","enabled_languages":["de","en"],"languages":{"de":{"title":true,"content":true,"excerpt":false},"en":{"title":false,"content":false,"excerpt":false}}},"yoast_head":"<!-- This site is optimized with the Yoast SEO plugin v27.3 - https:\/\/yoast.com\/product\/yoast-seo-wordpress\/ -->\n<title>Partnerprojekte - Project Green Smiley<\/title>\n<meta name=\"robots\" content=\"index, follow, max-snippet:-1, max-image-preview:large, max-video-preview:-1\" \/>\n<link rel=\"canonical\" href=\"https:\/\/www.greensmiley.org\/partnerprojekte\/\" \/>\n<meta property=\"og:locale\" content=\"en_US\" \/>\n<meta property=\"og:type\" content=\"article\" \/>\n<meta property=\"og:title\" content=\"Partnerprojekte - Project Green Smiley\" \/>\n<meta property=\"og:url\" content=\"https:\/\/www.greensmiley.org\/partnerprojekte\/\" \/>\n<meta property=\"og:site_name\" content=\"Project Green Smiley\" \/>\n<meta property=\"article:modified_time\" content=\"2017-02-20T11:01:02+00:00\" \/>\n<meta property=\"og:image\" content=\"https:\/\/www.greensmiley.info\/wp-content\/uploads\/2016\/06\/tc.jpg\" \/>\n<meta name=\"twitter:card\" content=\"summary_large_image\" \/>\n<script type=\"application\/ld+json\" class=\"yoast-schema-graph\">{\"@context\":\"https:\\\/\\\/schema.org\",\"@graph\":[{\"@type\":\"WebPage\",\"@id\":\"https:\\\/\\\/www.greensmiley.org\\\/partnerprojekte\\\/\",\"url\":\"https:\\\/\\\/www.greensmiley.org\\\/partnerprojekte\\\/\",\"name\":\"Partnerprojekte - Project Green Smiley\",\"isPartOf\":{\"@id\":\"https:\\\/\\\/www.greensmiley.org\\\/#website\"},\"primaryImageOfPage\":{\"@id\":\"https:\\\/\\\/www.greensmiley.org\\\/partnerprojekte\\\/#primaryimage\"},\"image\":{\"@id\":\"https:\\\/\\\/www.greensmiley.org\\\/partnerprojekte\\\/#primaryimage\"},\"thumbnailUrl\":\"https:\\\/\\\/www.greensmiley.info\\\/wp-content\\\/uploads\\\/2016\\\/06\\\/tc.jpg\",\"datePublished\":\"2016-06-03T07:11:49+00:00\",\"dateModified\":\"2017-02-20T11:01:02+00:00\",\"breadcrumb\":{\"@id\":\"https:\\\/\\\/www.greensmiley.org\\\/partnerprojekte\\\/#breadcrumb\"},\"inLanguage\":\"en-US\",\"potentialAction\":[{\"@type\":\"ReadAction\",\"target\":[\"https:\\\/\\\/www.greensmiley.org\\\/partnerprojekte\\\/\"]}]},{\"@type\":\"ImageObject\",\"inLanguage\":\"en-US\",\"@id\":\"https:\\\/\\\/www.greensmiley.org\\\/partnerprojekte\\\/#primaryimage\",\"url\":\"https:\\\/\\\/www.greensmiley.info\\\/wp-content\\\/uploads\\\/2016\\\/06\\\/tc.jpg\",\"contentUrl\":\"https:\\\/\\\/www.greensmiley.info\\\/wp-content\\\/uploads\\\/2016\\\/06\\\/tc.jpg\"},{\"@type\":\"BreadcrumbList\",\"@id\":\"https:\\\/\\\/www.greensmiley.org\\\/partnerprojekte\\\/#breadcrumb\",\"itemListElement\":[{\"@type\":\"ListItem\",\"position\":1,\"name\":\"Startseite\",\"item\":\"https:\\\/\\\/www.greensmiley.org\\\/\"},{\"@type\":\"ListItem\",\"position\":2,\"name\":\"Partnerprojekte\"}]},{\"@type\":\"WebSite\",\"@id\":\"https:\\\/\\\/www.greensmiley.org\\\/#website\",\"url\":\"https:\\\/\\\/www.greensmiley.org\\\/\",\"name\":\"Project Green Smiley\",\"description\":\"\",\"potentialAction\":[{\"@type\":\"SearchAction\",\"target\":{\"@type\":\"EntryPoint\",\"urlTemplate\":\"https:\\\/\\\/www.greensmiley.org\\\/?s={search_term_string}\"},\"query-input\":{\"@type\":\"PropertyValueSpecification\",\"valueRequired\":true,\"valueName\":\"search_term_string\"}}],\"inLanguage\":\"en-US\"}]}<\/script>\n<!-- \/ Yoast SEO plugin. -->","yoast_head_json":{"title":"Partnerprojekte - Project Green Smiley","robots":{"index":"index","follow":"follow","max-snippet":"max-snippet:-1","max-image-preview":"max-image-preview:large","max-video-preview":"max-video-preview:-1"},"canonical":"https:\/\/www.greensmiley.org\/partnerprojekte\/","og_locale":"en_US","og_type":"article","og_title":"Partnerprojekte - Project Green Smiley","og_url":"https:\/\/www.greensmiley.org\/partnerprojekte\/","og_site_name":"Project Green Smiley","article_modified_time":"2017-02-20T11:01:02+00:00","og_image":[{"url":"https:\/\/www.greensmiley.info\/wp-content\/uploads\/2016\/06\/tc.jpg","type":"","width":"","height":""}],"twitter_card":"summary_large_image","schema":{"@context":"https:\/\/schema.org","@graph":[{"@type":"WebPage","@id":"https:\/\/www.greensmiley.org\/partnerprojekte\/","url":"https:\/\/www.greensmiley.org\/partnerprojekte\/","name":"Partnerprojekte - Project Green Smiley","isPartOf":{"@id":"https:\/\/www.greensmiley.org\/#website"},"primaryImageOfPage":{"@id":"https:\/\/www.greensmiley.org\/partnerprojekte\/#primaryimage"},"image":{"@id":"https:\/\/www.greensmiley.org\/partnerprojekte\/#primaryimage"},"thumbnailUrl":"https:\/\/www.greensmiley.info\/wp-content\/uploads\/2016\/06\/tc.jpg","datePublished":"2016-06-03T07:11:49+00:00","dateModified":"2017-02-20T11:01:02+00:00","breadcrumb":{"@id":"https:\/\/www.greensmiley.org\/partnerprojekte\/#breadcrumb"},"inLanguage":"en-US","potentialAction":[{"@type":"ReadAction","target":["https:\/\/www.greensmiley.org\/partnerprojekte\/"]}]},{"@type":"ImageObject","inLanguage":"en-US","@id":"https:\/\/www.greensmiley.org\/partnerprojekte\/#primaryimage","url":"https:\/\/www.greensmiley.info\/wp-content\/uploads\/2016\/06\/tc.jpg","contentUrl":"https:\/\/www.greensmiley.info\/wp-content\/uploads\/2016\/06\/tc.jpg"},{"@type":"BreadcrumbList","@id":"https:\/\/www.greensmiley.org\/partnerprojekte\/#breadcrumb","itemListElement":[{"@type":"ListItem","position":1,"name":"Startseite","item":"https:\/\/www.greensmiley.org\/"},{"@type":"ListItem","position":2,"name":"Partnerprojekte"}]},{"@type":"WebSite","@id":"https:\/\/www.greensmiley.org\/#website","url":"https:\/\/www.greensmiley.org\/","name":"Project Green Smiley","description":"","potentialAction":[{"@type":"SearchAction","target":{"@type":"EntryPoint","urlTemplate":"https:\/\/www.greensmiley.org\/?s={search_term_string}"},"query-input":{"@type":"PropertyValueSpecification","valueRequired":true,"valueName":"search_term_string"}}],"inLanguage":"en-US"}]}},"_links":{"self":[{"href":"https:\/\/www.greensmiley.org\/en\/wp-json\/wp\/v2\/pages\/156","targetHints":{"allow":["GET"]}}],"collection":[{"href":"https:\/\/www.greensmiley.org\/en\/wp-json\/wp\/v2\/pages"}],"about":[{"href":"https:\/\/www.greensmiley.org\/en\/wp-json\/wp\/v2\/types\/page"}],"author":[{"embeddable":true,"href":"https:\/\/www.greensmiley.org\/en\/wp-json\/wp\/v2\/users\/2"}],"replies":[{"embeddable":true,"href":"https:\/\/www.greensmiley.org\/en\/wp-json\/wp\/v2\/comments?post=156"}],"version-history":[{"count":5,"href":"https:\/\/www.greensmiley.org\/en\/wp-json\/wp\/v2\/pages\/156\/revisions"}],"predecessor-version":[{"id":1447,"href":"https:\/\/www.greensmiley.org\/en\/wp-json\/wp\/v2\/pages\/156\/revisions\/1447"}],"wp:attachment":[{"href":"https:\/\/www.greensmiley.org\/en\/wp-json\/wp\/v2\/media?parent=156"}],"curies":[{"name":"wp","href":"https:\/\/api.w.org\/{rel}","templated":true}]}}