{"id":174,"date":"2016-06-03T09:27:34","date_gmt":"2016-06-03T07:27:34","guid":{"rendered":"https:\/\/pgsweb.andaris.at\/?page_id=174"},"modified":"2023-09-06T09:13:20","modified_gmt":"2023-09-06T07:13:20","slug":"sponsoren","status":"publish","type":"page","link":"https:\/\/www.greensmiley.org\/en\/sponsoren\/","title":{"rendered":"Sponsors"},"content":{"rendered":"<p><a href=\"http:\/\/www.laserlogoshop.com\/\" target=\"_blank\" rel=\"noopener\"><img loading=\"lazy\" decoding=\"async\" class=\"alignnone wp-image-1196\" src=\"http:\/\/greensmiley.info\/wp-content\/uploads\/2016\/06\/gelbes_tape_logo.png\" alt=\"Logo laserlogoshop.com\" width=\"800\" height=\"138\" srcset=\"https:\/\/www.greensmiley.org\/wp-content\/uploads\/2016\/06\/gelbes_tape_logo.png 1040w, https:\/\/www.greensmiley.org\/wp-content\/uploads\/2016\/06\/gelbes_tape_logo-300x52.png 300w, https:\/\/www.greensmiley.org\/wp-content\/uploads\/2016\/06\/gelbes_tape_logo-768x133.png 768w, https:\/\/www.greensmiley.org\/wp-content\/uploads\/2016\/06\/gelbes_tape_logo-1024x177.png 1024w, https:\/\/www.greensmiley.org\/wp-content\/uploads\/2016\/06\/gelbes_tape_logo-619x107.png 619w\" sizes=\"auto, (max-width: 800px) 100vw, 800px\" \/><\/a><\/p>\n<p>Many thanks to  Mario for sponsoring a part of our first two tokens!<\/p>\n<hr \/>\n<p><a href=\"http:\/\/mietzecacher.de\/designs\/geocoins\/\" target=\"_blank\" rel=\"noopener\"><img loading=\"lazy\" decoding=\"async\" class=\"alignnone size-full wp-image-1043\" src=\"http:\/\/greensmiley.info\/wp-content\/uploads\/2016\/06\/cropped-Banner-Kopie1.png\" alt=\"Mietzecacher\" width=\"1000\" height=\"288\" srcset=\"https:\/\/www.greensmiley.org\/wp-content\/uploads\/2016\/06\/cropped-Banner-Kopie1.png 1000w, https:\/\/www.greensmiley.org\/wp-content\/uploads\/2016\/06\/cropped-Banner-Kopie1-300x86.png 300w, https:\/\/www.greensmiley.org\/wp-content\/uploads\/2016\/06\/cropped-Banner-Kopie1-768x221.png 768w, https:\/\/www.greensmiley.org\/wp-content\/uploads\/2016\/06\/cropped-Banner-Kopie1-619x178.png 619w\" sizes=\"auto, (max-width: 1000px) 100vw, 1000px\" \/><\/a><br \/>\nMany thanks to Melli for sponsoring the pin design!<\/p>\n<hr \/>\n<p>You like Project Green Smiley and want to support us? Great, we are glad about that!<\/p>\n<p>Why should I support Project Green Smiley?<\/p>\n<ul>\n<li>You contribute to a clean nature<\/li>\n<li>Your company name is listed at the sponsors page<\/li>\n<li>Your company name or logo will be printed on flyers etc. (if applicable<\/li>\n<li>Your company name or logo will be printed on litter bags etc. (if applicable)<\/li>\n<\/ul>\n<p>How are the money and commodity contributions used?<\/p>\n<p>Project Green Smiley is a charitable, non-profit projct with the goal of a clean nature. Money and commodity contributions are exclusively used for the projects purpose.<\/p>\n<ul>\n<li>Operating costs for app and website<\/li>\n<li>Further development of the app (software licences, hardware, &#8230;)<\/li>\n<li>Organization of trash collection events (litter bags, picker claws, gloves, provisions, &#8230;)<\/li>\n<li>Marketing for Project Green Smiley (posters, placards, flyers, &#8230;)<\/li>\n<\/ul>\n<p>&nbsp;<\/p>\n","protected":false},"excerpt":{"rendered":"<p>Many thanks to Mario for sponsoring a part of our first two tokens! Many thanks to Melli for sponsoring the pin design! You like Project Green Smiley and want to support us? Great, we are glad about that! Why should I support Project Green Smiley? You contribute to a clean nature Your company name is [&hellip;]<\/p>\n","protected":false},"author":2,"featured_media":0,"parent":0,"menu_order":0,"comment_status":"closed","ping_status":"closed","template":"","meta":{"footnotes":""},"class_list":["post-174","page","type-page","status-publish","hentry"],"translation":{"provider":"WPGlobus","version":"3.0.2","language":"en","enabled_languages":["de","en"],"languages":{"de":{"title":true,"content":true,"excerpt":false},"en":{"title":true,"content":true,"excerpt":false}}},"yoast_head":"<!-- This site is optimized with the Yoast SEO plugin v27.3 - https:\/\/yoast.com\/product\/yoast-seo-wordpress\/ -->\n<title>Sponsors - Project Green Smiley<\/title>\n<meta name=\"description\" content=\"Project Green Smiley is a charitable project with the goal of a clean nature. You like Project Green Smiley? Support us!\" \/>\n<meta name=\"robots\" content=\"index, follow, max-snippet:-1, max-image-preview:large, max-video-preview:-1\" \/>\n<link rel=\"canonical\" href=\"https:\/\/www.greensmiley.org\/sponsoren\/\" \/>\n<meta property=\"og:locale\" content=\"en_US\" \/>\n<meta property=\"og:type\" content=\"article\" \/>\n<meta property=\"og:title\" content=\"Sponsors - Project Green Smiley\" \/>\n<meta property=\"og:description\" content=\"Project Green Smiley is a charitable project with the goal of a clean nature. You like Project Green Smiley? Support us!\" \/>\n<meta property=\"og:url\" content=\"https:\/\/www.greensmiley.org\/sponsoren\/\" \/>\n<meta property=\"og:site_name\" content=\"Project Green Smiley\" \/>\n<meta property=\"article:modified_time\" content=\"2023-09-06T07:13:20+00:00\" \/>\n<meta property=\"og:image\" content=\"https:\/\/www.greensmiley.info\/wp-content\/uploads\/2023\/09\/logo_large.png\" \/>\n<meta name=\"twitter:card\" content=\"summary_large_image\" \/>\n<meta name=\"twitter:label1\" content=\"Est. reading time\" \/>\n\t<meta name=\"twitter:data1\" content=\"3 minutes\" \/>\n<script type=\"application\/ld+json\" class=\"yoast-schema-graph\">{\"@context\":\"https:\\\/\\\/schema.org\",\"@graph\":[{\"@type\":\"WebPage\",\"@id\":\"https:\\\/\\\/www.greensmiley.org\\\/sponsoren\\\/\",\"url\":\"https:\\\/\\\/www.greensmiley.org\\\/sponsoren\\\/\",\"name\":\"Sponsors - Project Green Smiley\",\"isPartOf\":{\"@id\":\"https:\\\/\\\/www.greensmiley.org\\\/#website\"},\"primaryImageOfPage\":{\"@id\":\"https:\\\/\\\/www.greensmiley.org\\\/sponsoren\\\/#primaryimage\"},\"image\":{\"@id\":\"https:\\\/\\\/www.greensmiley.org\\\/sponsoren\\\/#primaryimage\"},\"thumbnailUrl\":\"https:\\\/\\\/www.greensmiley.info\\\/wp-content\\\/uploads\\\/2023\\\/09\\\/logo_large.png\",\"datePublished\":\"2016-06-03T07:27:34+00:00\",\"dateModified\":\"2023-09-06T07:13:20+00:00\",\"description\":\"Project Green Smiley ist ein gemeinn\u00fctziges Projekt mit dem Ziel einer sauberen Natur. Ihnen gef\u00e4llt Project Green Smiley? Unterst\u00fctzen Sie uns!\",\"breadcrumb\":{\"@id\":\"https:\\\/\\\/www.greensmiley.org\\\/sponsoren\\\/#breadcrumb\"},\"inLanguage\":\"en-US\",\"potentialAction\":[{\"@type\":\"ReadAction\",\"target\":[\"https:\\\/\\\/www.greensmiley.org\\\/sponsoren\\\/\"]}]},{\"@type\":\"ImageObject\",\"inLanguage\":\"en-US\",\"@id\":\"https:\\\/\\\/www.greensmiley.org\\\/sponsoren\\\/#primaryimage\",\"url\":\"https:\\\/\\\/www.greensmiley.info\\\/wp-content\\\/uploads\\\/2023\\\/09\\\/logo_large.png\",\"contentUrl\":\"https:\\\/\\\/www.greensmiley.info\\\/wp-content\\\/uploads\\\/2023\\\/09\\\/logo_large.png\"},{\"@type\":\"BreadcrumbList\",\"@id\":\"https:\\\/\\\/www.greensmiley.org\\\/sponsoren\\\/#breadcrumb\",\"itemListElement\":[{\"@type\":\"ListItem\",\"position\":1,\"name\":\"Startseite\",\"item\":\"https:\\\/\\\/www.greensmiley.org\\\/\"},{\"@type\":\"ListItem\",\"position\":2,\"name\":\"Sponsoren\"}]},{\"@type\":\"WebSite\",\"@id\":\"https:\\\/\\\/www.greensmiley.org\\\/#website\",\"url\":\"https:\\\/\\\/www.greensmiley.org\\\/\",\"name\":\"Project Green Smiley\",\"description\":\"\",\"potentialAction\":[{\"@type\":\"SearchAction\",\"target\":{\"@type\":\"EntryPoint\",\"urlTemplate\":\"https:\\\/\\\/www.greensmiley.org\\\/?s={search_term_string}\"},\"query-input\":{\"@type\":\"PropertyValueSpecification\",\"valueRequired\":true,\"valueName\":\"search_term_string\"}}],\"inLanguage\":\"en-US\"}]}<\/script>\n<!-- \/ Yoast SEO plugin. -->","yoast_head_json":{"title":"Sponsors - Project Green Smiley","description":"Project Green Smiley is a charitable project with the goal of a clean nature. You like Project Green Smiley? Support us!","robots":{"index":"index","follow":"follow","max-snippet":"max-snippet:-1","max-image-preview":"max-image-preview:large","max-video-preview":"max-video-preview:-1"},"canonical":"https:\/\/www.greensmiley.org\/sponsoren\/","og_locale":"en_US","og_type":"article","og_title":"Sponsors - Project Green Smiley","og_description":"Project Green Smiley is a charitable project with the goal of a clean nature. You like Project Green Smiley? Support us!","og_url":"https:\/\/www.greensmiley.org\/sponsoren\/","og_site_name":"Project Green Smiley","article_modified_time":"2023-09-06T07:13:20+00:00","og_image":[{"url":"https:\/\/www.greensmiley.info\/wp-content\/uploads\/2023\/09\/logo_large.png","type":"","width":"","height":""}],"twitter_card":"summary_large_image","twitter_misc":{"Est. reading time":"3 minutes"},"schema":{"@context":"https:\/\/schema.org","@graph":[{"@type":"WebPage","@id":"https:\/\/www.greensmiley.org\/sponsoren\/","url":"https:\/\/www.greensmiley.org\/sponsoren\/","name":"Sponsors - Project Green Smiley","isPartOf":{"@id":"https:\/\/www.greensmiley.org\/#website"},"primaryImageOfPage":{"@id":"https:\/\/www.greensmiley.org\/sponsoren\/#primaryimage"},"image":{"@id":"https:\/\/www.greensmiley.org\/sponsoren\/#primaryimage"},"thumbnailUrl":"https:\/\/www.greensmiley.info\/wp-content\/uploads\/2023\/09\/logo_large.png","datePublished":"2016-06-03T07:27:34+00:00","dateModified":"2023-09-06T07:13:20+00:00","description":"Project Green Smiley ist ein gemeinn\u00fctziges Projekt mit dem Ziel einer sauberen Natur. Ihnen gef\u00e4llt Project Green Smiley? Unterst\u00fctzen Sie uns!","breadcrumb":{"@id":"https:\/\/www.greensmiley.org\/sponsoren\/#breadcrumb"},"inLanguage":"en-US","potentialAction":[{"@type":"ReadAction","target":["https:\/\/www.greensmiley.org\/sponsoren\/"]}]},{"@type":"ImageObject","inLanguage":"en-US","@id":"https:\/\/www.greensmiley.org\/sponsoren\/#primaryimage","url":"https:\/\/www.greensmiley.info\/wp-content\/uploads\/2023\/09\/logo_large.png","contentUrl":"https:\/\/www.greensmiley.info\/wp-content\/uploads\/2023\/09\/logo_large.png"},{"@type":"BreadcrumbList","@id":"https:\/\/www.greensmiley.org\/sponsoren\/#breadcrumb","itemListElement":[{"@type":"ListItem","position":1,"name":"Startseite","item":"https:\/\/www.greensmiley.org\/"},{"@type":"ListItem","position":2,"name":"Sponsoren"}]},{"@type":"WebSite","@id":"https:\/\/www.greensmiley.org\/#website","url":"https:\/\/www.greensmiley.org\/","name":"Project Green Smiley","description":"","potentialAction":[{"@type":"SearchAction","target":{"@type":"EntryPoint","urlTemplate":"https:\/\/www.greensmiley.org\/?s={search_term_string}"},"query-input":{"@type":"PropertyValueSpecification","valueRequired":true,"valueName":"search_term_string"}}],"inLanguage":"en-US"}]}},"_links":{"self":[{"href":"https:\/\/www.greensmiley.org\/en\/wp-json\/wp\/v2\/pages\/174","targetHints":{"allow":["GET"]}}],"collection":[{"href":"https:\/\/www.greensmiley.org\/en\/wp-json\/wp\/v2\/pages"}],"about":[{"href":"https:\/\/www.greensmiley.org\/en\/wp-json\/wp\/v2\/types\/page"}],"author":[{"embeddable":true,"href":"https:\/\/www.greensmiley.org\/en\/wp-json\/wp\/v2\/users\/2"}],"replies":[{"embeddable":true,"href":"https:\/\/www.greensmiley.org\/en\/wp-json\/wp\/v2\/comments?post=174"}],"version-history":[{"count":26,"href":"https:\/\/www.greensmiley.org\/en\/wp-json\/wp\/v2\/pages\/174\/revisions"}],"predecessor-version":[{"id":1716,"href":"https:\/\/www.greensmiley.org\/en\/wp-json\/wp\/v2\/pages\/174\/revisions\/1716"}],"wp:attachment":[{"href":"https:\/\/www.greensmiley.org\/en\/wp-json\/wp\/v2\/media?parent=174"}],"curies":[{"name":"wp","href":"https:\/\/api.w.org\/{rel}","templated":true}]}}