{"id":198,"date":"2016-06-03T09:38:35","date_gmt":"2016-06-03T07:38:35","guid":{"rendered":"https:\/\/pgsweb.andaris.at\/?page_id=198"},"modified":"2016-06-04T08:08:08","modified_gmt":"2016-06-04T06:08:08","slug":"aktionstagecito-tage","status":"publish","type":"page","link":"https:\/\/www.greensmiley.org\/en\/aktionstagecito-tage\/","title":{"rendered":"Aktionstage\/CITO Tage"},"content":{"rendered":"<p><span style=\"color: #008000;\"><strong>April und September<\/strong><\/span><\/p>\n<p>Im April und September finden die CITO Wochenenden von Groundspeak statt.<\/p>\n<p>Termine f\u00fcr 2016<br \/>\nDie zwei Wochen, an denen die Feierlichkeiten des allj\u00e4hrlichen \u201cCash In Trash Out\u201d zum 14. Mal stattfinden, sind f\u00fcr den 16.-24. April und 17.-25. September festgesetzt.<\/p>\n<p><span style=\"color: #008000;\"><strong>5. Juni<\/strong><\/span><\/p>\n<p><a href=\"https:\/\/de.m.wikipedia.org\/wiki\/Weltumwelttag\" target=\"_blank\">Weltumwelttag<\/a><br \/>\nDer Weltumwelttag oder auch Tag der Umwelt ist ein Aktionstag, der am 5. Juni gefeiert wird.<\/p>\n<p><span style=\"color: #008000;\"><strong>3. Samstag im September<\/strong><\/span><\/p>\n<p><a href=\"https:\/\/www.google.at\/search?q=ICC+-+International+Coastal+Cleanup+Day&amp;safe=active&amp;gws_rd=cr&amp;ei=8oVAVrWSIqbSyAPatq-wAQ#safe=active&amp;q=%22International+Coastal+Cleanup+Day%22\" target=\"_blank\" rel=\"nofollow\">ICC &#8211; International Coastal Cleanup Day<br \/>\n<\/a>Internationaler Aktionstag zur S\u00e4uberung von K\u00fcsten, Gew\u00e4ssern und Flussufern von M\u00fcll seit 1986<\/p>\n","protected":false},"excerpt":{"rendered":"<p>April und September Im April und September finden die CITO Wochenenden von Groundspeak statt. Termine f\u00fcr 2016 Die zwei Wochen, an denen die Feierlichkeiten des allj\u00e4hrlichen \u201cCash In Trash Out\u201d zum 14. Mal stattfinden, sind f\u00fcr den 16.-24. April und 17.-25. September festgesetzt. 5. Juni Weltumwelttag Der Weltumwelttag oder auch Tag der Umwelt ist ein [&hellip;]<\/p>\n","protected":false},"author":2,"featured_media":0,"parent":0,"menu_order":0,"comment_status":"closed","ping_status":"closed","template":"","meta":{"footnotes":""},"class_list":["post-198","page","type-page","status-publish","hentry"],"translation":{"provider":"WPGlobus","version":"3.0.2","language":"en","enabled_languages":["de","en"],"languages":{"de":{"title":true,"content":true,"excerpt":false},"en":{"title":false,"content":false,"excerpt":false}}},"yoast_head":"<!-- This site is optimized with the Yoast SEO plugin v27.3 - https:\/\/yoast.com\/product\/yoast-seo-wordpress\/ -->\n<title>Aktionstage\/CITO Tage - Project Green Smiley<\/title>\n<meta name=\"robots\" content=\"index, follow, max-snippet:-1, max-image-preview:large, max-video-preview:-1\" \/>\n<link rel=\"canonical\" href=\"https:\/\/www.greensmiley.org\/aktionstagecito-tage\/\" \/>\n<meta property=\"og:locale\" content=\"en_US\" \/>\n<meta property=\"og:type\" content=\"article\" \/>\n<meta property=\"og:title\" content=\"Aktionstage\/CITO Tage - Project Green Smiley\" \/>\n<meta property=\"og:url\" content=\"https:\/\/www.greensmiley.org\/aktionstagecito-tage\/\" \/>\n<meta property=\"og:site_name\" content=\"Project Green Smiley\" \/>\n<meta property=\"article:modified_time\" content=\"2016-06-04T06:08:08+00:00\" \/>\n<meta name=\"twitter:card\" content=\"summary_large_image\" \/>\n<script type=\"application\/ld+json\" class=\"yoast-schema-graph\">{\"@context\":\"https:\\\/\\\/schema.org\",\"@graph\":[{\"@type\":\"WebPage\",\"@id\":\"https:\\\/\\\/www.greensmiley.org\\\/aktionstagecito-tage\\\/\",\"url\":\"https:\\\/\\\/www.greensmiley.org\\\/aktionstagecito-tage\\\/\",\"name\":\"Aktionstage\\\/CITO Tage - Project Green Smiley\",\"isPartOf\":{\"@id\":\"https:\\\/\\\/www.greensmiley.org\\\/#website\"},\"datePublished\":\"2016-06-03T07:38:35+00:00\",\"dateModified\":\"2016-06-04T06:08:08+00:00\",\"breadcrumb\":{\"@id\":\"https:\\\/\\\/www.greensmiley.org\\\/aktionstagecito-tage\\\/#breadcrumb\"},\"inLanguage\":\"en-US\",\"potentialAction\":[{\"@type\":\"ReadAction\",\"target\":[\"https:\\\/\\\/www.greensmiley.org\\\/aktionstagecito-tage\\\/\"]}]},{\"@type\":\"BreadcrumbList\",\"@id\":\"https:\\\/\\\/www.greensmiley.org\\\/aktionstagecito-tage\\\/#breadcrumb\",\"itemListElement\":[{\"@type\":\"ListItem\",\"position\":1,\"name\":\"Startseite\",\"item\":\"https:\\\/\\\/www.greensmiley.org\\\/\"},{\"@type\":\"ListItem\",\"position\":2,\"name\":\"Aktionstage\\\/CITO Tage\"}]},{\"@type\":\"WebSite\",\"@id\":\"https:\\\/\\\/www.greensmiley.org\\\/#website\",\"url\":\"https:\\\/\\\/www.greensmiley.org\\\/\",\"name\":\"Project Green Smiley\",\"description\":\"\",\"potentialAction\":[{\"@type\":\"SearchAction\",\"target\":{\"@type\":\"EntryPoint\",\"urlTemplate\":\"https:\\\/\\\/www.greensmiley.org\\\/?s={search_term_string}\"},\"query-input\":{\"@type\":\"PropertyValueSpecification\",\"valueRequired\":true,\"valueName\":\"search_term_string\"}}],\"inLanguage\":\"en-US\"}]}<\/script>\n<!-- \/ Yoast SEO plugin. -->","yoast_head_json":{"title":"Aktionstage\/CITO Tage - Project Green Smiley","robots":{"index":"index","follow":"follow","max-snippet":"max-snippet:-1","max-image-preview":"max-image-preview:large","max-video-preview":"max-video-preview:-1"},"canonical":"https:\/\/www.greensmiley.org\/aktionstagecito-tage\/","og_locale":"en_US","og_type":"article","og_title":"Aktionstage\/CITO Tage - Project Green Smiley","og_url":"https:\/\/www.greensmiley.org\/aktionstagecito-tage\/","og_site_name":"Project Green Smiley","article_modified_time":"2016-06-04T06:08:08+00:00","twitter_card":"summary_large_image","schema":{"@context":"https:\/\/schema.org","@graph":[{"@type":"WebPage","@id":"https:\/\/www.greensmiley.org\/aktionstagecito-tage\/","url":"https:\/\/www.greensmiley.org\/aktionstagecito-tage\/","name":"Aktionstage\/CITO Tage - Project Green Smiley","isPartOf":{"@id":"https:\/\/www.greensmiley.org\/#website"},"datePublished":"2016-06-03T07:38:35+00:00","dateModified":"2016-06-04T06:08:08+00:00","breadcrumb":{"@id":"https:\/\/www.greensmiley.org\/aktionstagecito-tage\/#breadcrumb"},"inLanguage":"en-US","potentialAction":[{"@type":"ReadAction","target":["https:\/\/www.greensmiley.org\/aktionstagecito-tage\/"]}]},{"@type":"BreadcrumbList","@id":"https:\/\/www.greensmiley.org\/aktionstagecito-tage\/#breadcrumb","itemListElement":[{"@type":"ListItem","position":1,"name":"Startseite","item":"https:\/\/www.greensmiley.org\/"},{"@type":"ListItem","position":2,"name":"Aktionstage\/CITO Tage"}]},{"@type":"WebSite","@id":"https:\/\/www.greensmiley.org\/#website","url":"https:\/\/www.greensmiley.org\/","name":"Project Green Smiley","description":"","potentialAction":[{"@type":"SearchAction","target":{"@type":"EntryPoint","urlTemplate":"https:\/\/www.greensmiley.org\/?s={search_term_string}"},"query-input":{"@type":"PropertyValueSpecification","valueRequired":true,"valueName":"search_term_string"}}],"inLanguage":"en-US"}]}},"_links":{"self":[{"href":"https:\/\/www.greensmiley.org\/en\/wp-json\/wp\/v2\/pages\/198","targetHints":{"allow":["GET"]}}],"collection":[{"href":"https:\/\/www.greensmiley.org\/en\/wp-json\/wp\/v2\/pages"}],"about":[{"href":"https:\/\/www.greensmiley.org\/en\/wp-json\/wp\/v2\/types\/page"}],"author":[{"embeddable":true,"href":"https:\/\/www.greensmiley.org\/en\/wp-json\/wp\/v2\/users\/2"}],"replies":[{"embeddable":true,"href":"https:\/\/www.greensmiley.org\/en\/wp-json\/wp\/v2\/comments?post=198"}],"version-history":[{"count":3,"href":"https:\/\/www.greensmiley.org\/en\/wp-json\/wp\/v2\/pages\/198\/revisions"}],"predecessor-version":[{"id":592,"href":"https:\/\/www.greensmiley.org\/en\/wp-json\/wp\/v2\/pages\/198\/revisions\/592"}],"wp:attachment":[{"href":"https:\/\/www.greensmiley.org\/en\/wp-json\/wp\/v2\/media?parent=198"}],"curies":[{"name":"wp","href":"https:\/\/api.w.org\/{rel}","templated":true}]}}