{"id":217,"date":"2016-06-03T09:45:36","date_gmt":"2016-06-03T07:45:36","guid":{"rendered":"https:\/\/pgsweb.andaris.at\/?page_id=217"},"modified":"2016-06-03T09:45:36","modified_gmt":"2016-06-03T07:45:36","slug":"humor","status":"publish","type":"page","link":"https:\/\/www.greensmiley.org\/en\/humor\/","title":{"rendered":"Humor"},"content":{"rendered":"<p>Diese Seite enth\u00e4lt humorvolles zum Thema M\u00fcll, Abfall, Umwelt usw.<br \/>\nS\u00e4mtliche Inhalte sind keineswegs ernst gemein, sollen niemanden angreifen oder verschm\u00e4hen!<\/p>\n<p><strong>LESEN und ANKLICKEN auf eigene GEFAHR!<\/strong><\/p>\n<p><img loading=\"lazy\" decoding=\"async\" class=\"alignnone size-full wp-image-213\" src=\"https:\/\/www.greensmiley.info\/wp-content\/uploads\/2016\/06\/dangersign.jpg\" alt=\"dangersign\" width=\"500\" height=\"369\" srcset=\"https:\/\/www.greensmiley.org\/wp-content\/uploads\/2016\/06\/dangersign.jpg 500w, https:\/\/www.greensmiley.org\/wp-content\/uploads\/2016\/06\/dangersign-300x221.jpg 300w\" sizes=\"auto, (max-width: 500px) 100vw, 500px\" \/><\/p>\n<div class=\"zpRow standard \">\n<div class=\"zpColumn zpColumnWidth1\">\n<div class=\"zpColumnItem\">\n<div id=\"a1452\" class=\"articlearea\">\n<p>Achtung! Humor kann Ihrer Krankheit schaden!<\/p>\n<\/div>\n<\/div>\n<\/div>\n<\/div>\n<div class=\"zpRow standard \">\n<div class=\"zpColumn zpColumnWidth1\">\n<div class=\"zpColumnItem\">\n<div id=\"a1453\" class=\"articlearea\">\n<p>Danger<\/p>\n<p>mouth operates faster than brain<br \/>\nder mund auf dieser humorseite redet schneller als das hirn denkt<\/p>\n<p>\ud83d\ude09<\/p>\n<\/div>\n<\/div>\n<\/div>\n<\/div>\n<div class=\"zpRow standard \">\n<div class=\"zpColumn zpColumnWidth1\">\n<div class=\"zpColumnItem\">\n<div id=\"a1511\" class=\"articlearea\">\n<h2>Posts ab sofort in FB<\/h2>\n<p>Weitere Updates dieser Rubrik findest du auf unserer Facebookseite<\/p>\n<p><a href=\"https:\/\/www.facebook.com\/projectgreensmiley\/\" target=\"_blank\"><img loading=\"lazy\" decoding=\"async\" class=\"alignnone wp-image-116 size-full\" src=\"https:\/\/www.greensmiley.info\/wp-content\/uploads\/2016\/06\/Unbenannt.png\" alt=\"facebook\" width=\"100\" height=\"100\" \/><\/a><a href=\"https:\/\/www.facebook.com\/projectgreensmiley\/\" target=\"_blank\">\u00a0<\/a><\/p>\n<\/div>\n<\/div>\n<\/div>\n<\/div>\n<div class=\"zpRow standard \">\n<div class=\"zpColumn zpColumnWidth1\">\n<div class=\"zpColumnItem\">\n<div id=\"a1485\" class=\"articlearea\">\n<h2>M\u00fclltonnenroller<\/h2>\n<p><a href=\"http:\/\/www.chilloutzone.net\/video\/muelltonnenroller.html\" target=\"_blank\">http:\/\/www.chilloutzone.net\/video\/muelltonnenroller.html<\/a><\/p>\n<\/div>\n<\/div>\n<\/div>\n<\/div>\n<div class=\"zpRow standard \">\n<div class=\"zpColumn zpColumnWidth1\">\n<div class=\"zpColumnItem\">\n<div id=\"a1484\" class=\"articlearea\">\n<h2>Nur ein Haufen M\u00fcll&#8230;<\/h2>\n<p><a href=\"http:\/\/www.chilloutzone.net\/video\/nur-ein-haufen-muell.html\" target=\"_blank\">http:\/\/www.chilloutzone.net\/video\/nur-ein-haufen-muell.html<\/a><\/p>\n<\/div>\n<\/div>\n<\/div>\n<\/div>\n<div class=\"zpRow standard \">\n<div class=\"zpColumn zpColumnWidth1\">\n<div class=\"zpColumnItem\">\n<div id=\"a1480\" class=\"articlearea\">\n<h2>Lustiger McDonalds Eingang<\/h2>\n<p><a href=\"http:\/\/lustich.de\/bilder\/schilder\/mcdonalds-lusticher-eingang\/\" target=\"_blank\">http:\/\/lustich.de\/bilder\/schilder\/mcdonalds-lusticher-eingang\/<\/a><\/p>\n<\/div>\n<\/div>\n<\/div>\n<\/div>\n<div class=\"zpRow standard \">\n<div class=\"zpColumn zpColumnWidth1\">\n<div class=\"zpColumnItem\">\n<div id=\"a1479\" class=\"articlearea\">\n<h2>M\u00fcllkanone<\/h2>\n<p><a href=\"http:\/\/lustich.de\/videos\/amateurfilme\/muellkanone\/\" target=\"_blank\">http:\/\/lustich.de\/videos\/amateurfilme\/muellkanone\/<\/a><\/p>\n<\/div>\n<\/div>\n<\/div>\n<\/div>\n<div class=\"zpRow standard \">\n<div class=\"zpColumn zpColumnWidth1\">\n<div class=\"zpColumnItem\">\n<div id=\"a1478\" class=\"articlearea\">\n<h2>Deutscher Patriotismus<\/h2>\n<p><a href=\"http:\/\/data7.lustich.de\/bilder\/l\/1438-patriotismus.jpg\" target=\"_blank\">http:\/\/data7.lustich.de\/bilder\/l\/1438-patriotismus.jpg<\/a><\/p>\n<\/div>\n<\/div>\n<\/div>\n<\/div>\n<div class=\"zpRow standard \">\n<div class=\"zpColumn zpColumnWidth1\">\n<div class=\"zpColumnItem\">\n<div id=\"a1454\" class=\"articlearea\">\n<h2>Bernd Witz GmbH<\/h2>\n<p>Bernd Witz GmbH &#8211; wir recyclen, verwerten und entsorgen \u2026<br \/>\nist eigentlich kein Witz, die Firma heisst nur so <a href=\"http:\/\/witz-recycling.de\/\" target=\"_blank\">http:\/\/witz-recycling.de\/<\/a><\/p>\n<\/div>\n<\/div>\n<\/div>\n<\/div>\n<div class=\"zpRow standard \">\n<div class=\"zpColumn zpColumnWidth1\">\n<div class=\"zpColumnItem\">\n<div id=\"a1456\" class=\"articlearea\">\n<h2>Bild<\/h2>\n<p><a href=\"http:\/\/data4.lustich.de\/bilder\/l\/40576-gruener-abfall.jpg\" target=\"_blank\">http:\/\/lustich.de\/bilder\/schilder\/gruener-abfall\/<\/a><\/p>\n<\/div>\n<\/div>\n<\/div>\n<\/div>\n<div class=\"zpRow standard \">\n<div class=\"zpColumn zpColumnWidth1\">\n<div class=\"zpColumnItem\">\n<div id=\"a1458\" class=\"articlearea\">\n<h2>Bild<\/h2>\n<p><a href=\"http:\/\/lustich.de\/bilder\/andere\/mulltonne-verschwunden\/\" target=\"_blank\">http:\/\/lustich.de\/bilder\/andere\/mulltonne-verschwunden\/<\/a><\/p>\n<\/div>\n<\/div>\n<\/div>\n<\/div>\n","protected":false},"excerpt":{"rendered":"<p>Diese Seite enth\u00e4lt humorvolles zum Thema M\u00fcll, Abfall, Umwelt usw. S\u00e4mtliche Inhalte sind keineswegs ernst gemein, sollen niemanden angreifen oder verschm\u00e4hen! LESEN und ANKLICKEN auf eigene GEFAHR! Achtung! Humor kann Ihrer Krankheit schaden! Danger mouth operates faster than brain der mund auf dieser humorseite redet schneller als das hirn denkt \ud83d\ude09 Posts ab sofort in [&hellip;]<\/p>\n","protected":false},"author":2,"featured_media":0,"parent":0,"menu_order":0,"comment_status":"closed","ping_status":"closed","template":"","meta":{"footnotes":""},"class_list":["post-217","page","type-page","status-publish","hentry"],"translation":{"provider":"WPGlobus","version":"3.0.2","language":"en","enabled_languages":["de","en"],"languages":{"de":{"title":true,"content":true,"excerpt":false},"en":{"title":false,"content":false,"excerpt":false}}},"yoast_head":"<!-- This site is optimized with the Yoast SEO plugin v27.3 - https:\/\/yoast.com\/product\/yoast-seo-wordpress\/ -->\n<title>Humor - Project Green Smiley<\/title>\n<meta name=\"robots\" content=\"index, follow, max-snippet:-1, max-image-preview:large, max-video-preview:-1\" \/>\n<link rel=\"canonical\" href=\"https:\/\/www.greensmiley.org\/humor\/\" \/>\n<meta property=\"og:locale\" content=\"en_US\" \/>\n<meta property=\"og:type\" content=\"article\" \/>\n<meta property=\"og:title\" content=\"Humor - Project Green Smiley\" \/>\n<meta property=\"og:url\" content=\"https:\/\/www.greensmiley.org\/humor\/\" \/>\n<meta property=\"og:site_name\" content=\"Project Green Smiley\" \/>\n<meta property=\"og:image\" content=\"https:\/\/www.greensmiley.info\/wp-content\/uploads\/2016\/06\/dangersign.jpg\" \/>\n<meta name=\"twitter:card\" content=\"summary_large_image\" \/>\n<meta name=\"twitter:label1\" content=\"Est. reading time\" \/>\n\t<meta name=\"twitter:data1\" content=\"1 minute\" \/>\n<script type=\"application\/ld+json\" class=\"yoast-schema-graph\">{\"@context\":\"https:\\\/\\\/schema.org\",\"@graph\":[{\"@type\":\"WebPage\",\"@id\":\"https:\\\/\\\/www.greensmiley.org\\\/humor\\\/\",\"url\":\"https:\\\/\\\/www.greensmiley.org\\\/humor\\\/\",\"name\":\"Humor - Project Green Smiley\",\"isPartOf\":{\"@id\":\"https:\\\/\\\/www.greensmiley.org\\\/#website\"},\"primaryImageOfPage\":{\"@id\":\"https:\\\/\\\/www.greensmiley.org\\\/humor\\\/#primaryimage\"},\"image\":{\"@id\":\"https:\\\/\\\/www.greensmiley.org\\\/humor\\\/#primaryimage\"},\"thumbnailUrl\":\"https:\\\/\\\/www.greensmiley.info\\\/wp-content\\\/uploads\\\/2016\\\/06\\\/dangersign.jpg\",\"datePublished\":\"2016-06-03T07:45:36+00:00\",\"breadcrumb\":{\"@id\":\"https:\\\/\\\/www.greensmiley.org\\\/humor\\\/#breadcrumb\"},\"inLanguage\":\"en-US\",\"potentialAction\":[{\"@type\":\"ReadAction\",\"target\":[\"https:\\\/\\\/www.greensmiley.org\\\/humor\\\/\"]}]},{\"@type\":\"ImageObject\",\"inLanguage\":\"en-US\",\"@id\":\"https:\\\/\\\/www.greensmiley.org\\\/humor\\\/#primaryimage\",\"url\":\"https:\\\/\\\/www.greensmiley.info\\\/wp-content\\\/uploads\\\/2016\\\/06\\\/dangersign.jpg\",\"contentUrl\":\"https:\\\/\\\/www.greensmiley.info\\\/wp-content\\\/uploads\\\/2016\\\/06\\\/dangersign.jpg\"},{\"@type\":\"BreadcrumbList\",\"@id\":\"https:\\\/\\\/www.greensmiley.org\\\/humor\\\/#breadcrumb\",\"itemListElement\":[{\"@type\":\"ListItem\",\"position\":1,\"name\":\"Startseite\",\"item\":\"https:\\\/\\\/www.greensmiley.org\\\/\"},{\"@type\":\"ListItem\",\"position\":2,\"name\":\"Humor\"}]},{\"@type\":\"WebSite\",\"@id\":\"https:\\\/\\\/www.greensmiley.org\\\/#website\",\"url\":\"https:\\\/\\\/www.greensmiley.org\\\/\",\"name\":\"Project Green Smiley\",\"description\":\"\",\"potentialAction\":[{\"@type\":\"SearchAction\",\"target\":{\"@type\":\"EntryPoint\",\"urlTemplate\":\"https:\\\/\\\/www.greensmiley.org\\\/?s={search_term_string}\"},\"query-input\":{\"@type\":\"PropertyValueSpecification\",\"valueRequired\":true,\"valueName\":\"search_term_string\"}}],\"inLanguage\":\"en-US\"}]}<\/script>\n<!-- \/ Yoast SEO plugin. -->","yoast_head_json":{"title":"Humor - Project Green Smiley","robots":{"index":"index","follow":"follow","max-snippet":"max-snippet:-1","max-image-preview":"max-image-preview:large","max-video-preview":"max-video-preview:-1"},"canonical":"https:\/\/www.greensmiley.org\/humor\/","og_locale":"en_US","og_type":"article","og_title":"Humor - Project Green Smiley","og_url":"https:\/\/www.greensmiley.org\/humor\/","og_site_name":"Project Green Smiley","og_image":[{"url":"https:\/\/www.greensmiley.info\/wp-content\/uploads\/2016\/06\/dangersign.jpg","type":"","width":"","height":""}],"twitter_card":"summary_large_image","twitter_misc":{"Est. reading time":"1 minute"},"schema":{"@context":"https:\/\/schema.org","@graph":[{"@type":"WebPage","@id":"https:\/\/www.greensmiley.org\/humor\/","url":"https:\/\/www.greensmiley.org\/humor\/","name":"Humor - Project Green Smiley","isPartOf":{"@id":"https:\/\/www.greensmiley.org\/#website"},"primaryImageOfPage":{"@id":"https:\/\/www.greensmiley.org\/humor\/#primaryimage"},"image":{"@id":"https:\/\/www.greensmiley.org\/humor\/#primaryimage"},"thumbnailUrl":"https:\/\/www.greensmiley.info\/wp-content\/uploads\/2016\/06\/dangersign.jpg","datePublished":"2016-06-03T07:45:36+00:00","breadcrumb":{"@id":"https:\/\/www.greensmiley.org\/humor\/#breadcrumb"},"inLanguage":"en-US","potentialAction":[{"@type":"ReadAction","target":["https:\/\/www.greensmiley.org\/humor\/"]}]},{"@type":"ImageObject","inLanguage":"en-US","@id":"https:\/\/www.greensmiley.org\/humor\/#primaryimage","url":"https:\/\/www.greensmiley.info\/wp-content\/uploads\/2016\/06\/dangersign.jpg","contentUrl":"https:\/\/www.greensmiley.info\/wp-content\/uploads\/2016\/06\/dangersign.jpg"},{"@type":"BreadcrumbList","@id":"https:\/\/www.greensmiley.org\/humor\/#breadcrumb","itemListElement":[{"@type":"ListItem","position":1,"name":"Startseite","item":"https:\/\/www.greensmiley.org\/"},{"@type":"ListItem","position":2,"name":"Humor"}]},{"@type":"WebSite","@id":"https:\/\/www.greensmiley.org\/#website","url":"https:\/\/www.greensmiley.org\/","name":"Project Green Smiley","description":"","potentialAction":[{"@type":"SearchAction","target":{"@type":"EntryPoint","urlTemplate":"https:\/\/www.greensmiley.org\/?s={search_term_string}"},"query-input":{"@type":"PropertyValueSpecification","valueRequired":true,"valueName":"search_term_string"}}],"inLanguage":"en-US"}]}},"_links":{"self":[{"href":"https:\/\/www.greensmiley.org\/en\/wp-json\/wp\/v2\/pages\/217","targetHints":{"allow":["GET"]}}],"collection":[{"href":"https:\/\/www.greensmiley.org\/en\/wp-json\/wp\/v2\/pages"}],"about":[{"href":"https:\/\/www.greensmiley.org\/en\/wp-json\/wp\/v2\/types\/page"}],"author":[{"embeddable":true,"href":"https:\/\/www.greensmiley.org\/en\/wp-json\/wp\/v2\/users\/2"}],"replies":[{"embeddable":true,"href":"https:\/\/www.greensmiley.org\/en\/wp-json\/wp\/v2\/comments?post=217"}],"version-history":[{"count":2,"href":"https:\/\/www.greensmiley.org\/en\/wp-json\/wp\/v2\/pages\/217\/revisions"}],"predecessor-version":[{"id":220,"href":"https:\/\/www.greensmiley.org\/en\/wp-json\/wp\/v2\/pages\/217\/revisions\/220"}],"wp:attachment":[{"href":"https:\/\/www.greensmiley.org\/en\/wp-json\/wp\/v2\/media?parent=217"}],"curies":[{"name":"wp","href":"https:\/\/api.w.org\/{rel}","templated":true}]}}