{"id":4,"date":"2016-06-02T18:47:24","date_gmt":"2016-06-02T16:47:24","guid":{"rendered":"https:\/\/pgsweb.andaris.at\/?page_id=4"},"modified":"2016-06-17T10:15:15","modified_gmt":"2016-06-17T08:15:15","slug":"legal-notice","status":"publish","type":"page","link":"https:\/\/www.greensmiley.org\/en\/legal-notice\/","title":{"rendered":"Legal Notice"},"content":{"rendered":"<p><span style=\"color: #008000;\">Impressum\/Offenlegung iSd \u00a7\u00a7 24, 25 MedienG, Angaben nach \u00a7 5 ECG<\/span><\/p>\n<p><span style=\"color: #008000;\">Impressum<\/span><\/p>\n<p>Manfred Weidner<br \/>\nStimmerfeldstra\u00dfe 1<br \/>\n6330 Kufstein<br \/>\n\u00d6sterreich<\/p>\n<p>+43 (0) 664 88530915<\/p>\n<p>projectgreensmiley@outlook.com<\/p>\n<p><span style=\"color: #008000;\">Grundlegende Richtung<\/span><\/p>\n<p>Diese Seite soll dem Umweltschutz dienen.<br \/>\nInhalte und dergleichen sind einzig und allein zu diesem Zweck bereitgestellt.<br \/>\nDie Verwendung, Nutzung und Weiterverbreitung dieses Inhaltes ist kostenfrei<br \/>\nbzw. ist diese Seite keinesfalls in irgend einer Form gewinnorientiert.<\/p>\n<p><span style=\"color: #008000;\">Haftungshinweis<\/span><\/p>\n<p>Die hier angebotenen Inhalte dienen der allgemeinen Information. F\u00fcr die Richtigkeit, Aktualit\u00e4t, Vollst\u00e4ndigkeit und Verf\u00fcgbarkeit der gebotenen Informationen\/Services \u00fcbernehmen wir keine Gew\u00e4hrleistung\/Haftung. Insbesondere k\u00f6nnen aus der Verwendung der abgerufenen Informationen und Services keine Rechtsanspr\u00fcche begr\u00fcndet werden.<\/p>\n<p><span style=\"color: #008000;\">Links<\/span><\/p>\n<p>Verweise und Links zu anderen Internetangeboten wurden sorgf\u00e4ltig ausgew\u00e4hlt. Deren Inhalt, Richtigkeit, Aktualit\u00e4t, Vollst\u00e4ndigkeit und Verf\u00fcgbarkeit liegen aber nicht in unserem Einflussbereich und wir \u00fcbernehmen hierf\u00fcr keine Gew\u00e4hrleistung\/Haftung. Wir \u00fcbernehmen weiters keine Gew\u00e4hrleistung\/Haftung f\u00fcr downloadbare Dateien, insbesondere nicht f\u00fcr deren Aktualit\u00e4t, Eignung f\u00fcr einen bestimmten Zweck und Virenfreiheit. Wir bem\u00fchen uns, Probleme beim Abruf der Informationen\/Services zu vermeiden. Es ist allerdings nicht ausgeschlossen, dass Daten und Angaben nicht oder fehlerhaft angezeigt werden. Wir \u00fcbernehmen keine Haftung, dass unser Dienst nicht unterbrochen oder durch St\u00f6rungen beeintr\u00e4chtigt wird.<br \/>\nUrheberrecht<\/p>\n<p><span style=\"color: #008000;\">Geistiges Eigentum<\/span><\/p>\n<p>S\u00e4mtliche Inhalte, das Layout, allf\u00e4llige Ton- und Videosequenzen sind im Sinne des Urheberrechtsgesetzes urheberrechtlich gesch\u00fctzt. Alle Rechte daran bleiben der Rechteinhaberin\/dem Rechteinhaber vorbehalten.<br \/>\n\u00c4nderungen d\u00fcrfen nicht vorgenommen werden. Eine \u00f6ffentliche Verwendung der Informationen\/Services darf nur mit unserer Zustimmung und unter Nennung sowie Ersichtlichmachung der Quelle erfolgen. Das blo\u00dfe Verlinken auf unsere Inhalte unter gleichzeitigem Quellhinweis steht jedermann frei und bedarf keiner besonderen Genehmigung.<\/p>\n<p>Auf die Nutzung der Informationen\/Services findet ausschlie\u00dflich \u00f6sterreichisches Recht Anwendung.<br \/>\nSofern Teile oder einzelne Formulierungen dieses Textes der geltenden Rechtslage nicht, nicht mehr oder nicht vollst\u00e4ndig entsprechen sollten, bleiben die \u00fcbrigen Teile in ihrem Inhalt und ihrer G\u00fcltigkeit davon unber\u00fchrt.<\/p>\n<p>Quelle: www.help.gv.at<\/p>\n<p><span style=\"color: #008000;\">Datenschutzerkl\u00e4rung<\/span><\/p>\n<p><span style=\"color: #008000;\">Datenschutz<\/span><\/p>\n<p>Die Betreiber dieser Seiten nehmen den Schutz Ihrer pers\u00f6nlichen Daten sehr ernst. Wir behandeln Ihre personenbezogenen Daten vertraulich und entsprechend der gesetzlichen Datenschutzvorschriften sowie dieser Datenschutzerkl\u00e4rung.<\/p>\n<p>Die Nutzung unserer Webseite ist in der Regel ohne Angabe personenbezogener Daten m\u00f6glich. Soweit auf unseren Seiten personenbezogene Daten (beispielsweise Name, Anschrift oder E-Mail-Adressen) erhoben werden, erfolgt dies, soweit m\u00f6glich, stets auf freiwilliger Basis. Diese Daten werden ohne Ihre ausdr\u00fcckliche Zustimmung nicht an Dritte weitergegeben.<\/p>\n<p>Wir weisen darauf hin, dass die Daten\u00fcbertragung im Internet (z.B. bei der Kommunikation per E-Mail) Sicherheitsl\u00fccken aufweisen kann. Ein l\u00fcckenloser Schutz der Daten vor dem Zugriff durch Dritte ist nicht m\u00f6glich.<\/p>\n<p><span style=\"color: #008000;\">Datenschutzerkl\u00e4rung f\u00fcr die Nutzung von Facebook-Plugins (Like-Button)<\/span><\/p>\n<p>Auf unseren Seiten sind Plugins des sozialen Netzwerks Facebook, Anbieter Facebook Inc., 1 Hacker Way, Menlo Park, California 94025, USA, integriert. Die Facebook-Plugins erkennen Sie an dem Facebook-Logo oder dem &#8220;Like-Button&#8221; (&#8220;Gef\u00e4llt mir&#8221;) auf unserer Seite. Eine \u00dcbersicht \u00fcber die Facebook-Plugins finden Sie hier: http:\/\/developers.facebook.com\/docs\/plugins\/.<br \/>\nWenn Sie unsere Seiten besuchen, wird \u00fcber das Plugin eine direkte Verbindung zwischen Ihrem Browser und dem Facebook-Server hergestellt. Facebook erh\u00e4lt dadurch die Information, dass Sie mit Ihrer IP-Adresse unsere Seite besucht haben. Wenn Sie den Facebook &#8220;Like-Button&#8221; anklicken w\u00e4hrend Sie in Ihrem Facebook-Account eingeloggt sind, k\u00f6nnen Sie die Inhalte unserer Seiten auf Ihrem Facebook-Profil verlinken. Dadurch kann Facebook den Besuch unserer Seiten Ihrem Benutzerkonto zuordnen. Wir weisen darauf hin, dass wir als Anbieter der Seiten keine Kenntnis vom Inhalt der \u00fcbermittelten Daten sowie deren Nutzung durch Facebook erhalten. Weitere Informationen hierzu finden Sie in der Datenschutzerkl\u00e4rung von Facebook unter http:\/\/de-de.facebook.com\/policy.php.<br \/>\nWenn Sie nicht w\u00fcnschen, dass Facebook den Besuch unserer Seiten Ihrem Facebook- Nutzerkonto zuordnen kann, loggen Sie sich bitte aus Ihrem Facebook-Benutzerkonto aus.<\/p>\n<p><span style=\"color: #008000;\">Datenschutzerkl\u00e4rung f\u00fcr die Nutzung von YouTube<\/span><\/p>\n<p>Unsere Webseite nutzt Plugins der von Google betriebenen Seite YouTube. Betreiber der Seiten ist die YouTube, LLC, 901 Cherry Ave., San Bruno, CA 94066, USA. Wenn Sie eine unserer mit einem YouTube-Plugin ausgestatteten Seiten besuchen, wird eine Verbindung zu den Servern von YouTube hergestellt. Dabei wird dem Youtube-Server mitgeteilt, welche unserer Seiten Sie besucht haben. Wenn Sie in Ihrem YouTube-Account eingeloggt sind erm\u00f6glichen Sie YouTube, Ihr Surfverhalten direkt Ihrem pers\u00f6nlichen Profil zuzuordnen. Dies k\u00f6nnen Sie verhindern, indem Sie sich aus Ihrem YouTube-Account ausloggen.<br \/>\nWeitere Informationen zum Umgang von Nutzerdaten finden Sie in der Datenschutzerkl\u00e4rung von YouTube unter https:\/\/www.google.de\/intl\/de\/policies\/privacy<\/p>\n<p><span style=\"color: #008000;\">Auskunft, L\u00f6schung, Sperrung<\/span><\/p>\n<p>Sie haben jederzeit das Recht auf unentgeltliche Auskunft \u00fcber Ihre gespeicherten personenbezogenen Daten, deren Herkunft und Empf\u00e4nger und den Zweck der Datenverarbeitung sowie ein Recht auf Berichtigung, Sperrung oder L\u00f6schung dieser Daten. Hierzu sowie zu weiteren Fragen zum Thema personenbezogene Daten k\u00f6nnen Sie sich jederzeit unter der im Impressum angegebenen Adresse an uns wenden.<\/p>\n<p><span style=\"color: #008000;\">Cookies<\/span><\/p>\n<p>Die Internetseiten verwenden teilweise so genannte Cookies. Cookies richten auf Ihrem Rechner keinen Schaden an und enthalten keine Viren. Cookies dienen dazu, unser Angebot nutzerfreundlicher, effektiver und sicherer zu machen. Cookies sind kleine Textdateien, die auf Ihrem Rechner abgelegt werden und die Ihr Browser speichert.<\/p>\n<p>Die meisten der von uns verwendeten Cookies sind so genannte \u201eSession-Cookies\u201c. Sie werden nach Ende Ihres Besuchs automatisch gel\u00f6scht. Andere Cookies bleiben auf Ihrem Endger\u00e4t gespeichert, bis Sie diese l\u00f6schen. Diese Cookies erm\u00f6glichen es uns, Ihren Browser beim n\u00e4chsten Besuch wiederzuerkennen.<\/p>\n<p>Sie k\u00f6nnen Ihren Browser so einstellen, dass Sie \u00fcber das Setzen von Cookies informiert werden und Cookies nur im Einzelfall erlauben, die Annahme von Cookies f\u00fcr bestimmte F\u00e4lle oder generell ausschlie\u00dfen sowie das automatische L\u00f6schen der Cookies beim Schlie\u00dfen des Browser aktivieren. Bei der Deaktivierung von Cookies kann die Funktionalit\u00e4t dieser Website eingeschr\u00e4nkt sein.<\/p>\n<p><span style=\"color: #008000;\">Server-Log-Files<\/span><\/p>\n<p>Der Provider der Seiten erhebt und speichert automatisch Informationen in so genannten Server-Log Files, die Ihr Browser automatisch an uns \u00fcbermittelt. Dies sind:<br \/>\nBrowsertyp\/ Browserversion<br \/>\nverwendetes Betriebssystem<br \/>\nReferrer URL<br \/>\nHostname des zugreifenden Rechners<br \/>\nUhrzeit der Serveranfrage<\/p>\n<p>Diese Daten sind nicht bestimmten Personen zuordenbar. Eine Zusammenf\u00fchrung dieser Daten mit anderen Datenquellen wird nicht vorgenommen. Wir behalten uns vor, diese Daten nachtr\u00e4glich zu pr\u00fcfen, wenn uns konkrete Anhaltspunkte f\u00fcr eine rechtswidrige Nutzung bekannt werden.<\/p>\n<p><span style=\"color: #008000;\">Kontaktformular<\/span><\/p>\n<p>Wenn Sie uns per Kontaktformular Anfragen zukommen lassen, werden Ihre Angaben aus dem Anfrageformular inklusive der von Ihnen dort angegebenen Kontaktdaten zwecks Bearbeitung der Anfrage und f\u00fcr den Fall von Anschlussfragen bei uns gespeichert. Diese Daten geben wir nicht ohne Ihre Einwilligung weiter.<\/p>\n","protected":false},"excerpt":{"rendered":"<p>Impressum\/Offenlegung iSd \u00a7\u00a7 24, 25 MedienG, Angaben nach \u00a7 5 ECG Impressum Manfred Weidner Stimmerfeldstra\u00dfe 1 6330 Kufstein \u00d6sterreich +43 (0) 664 88530915 projectgreensmiley@outlook.com Grundlegende Richtung Diese Seite soll dem Umweltschutz dienen. Inhalte und dergleichen sind einzig und allein zu diesem Zweck bereitgestellt. Die Verwendung, Nutzung und Weiterverbreitung dieses Inhaltes ist kostenfrei bzw. ist diese [&hellip;]<\/p>\n","protected":false},"author":2,"featured_media":0,"parent":0,"menu_order":0,"comment_status":"closed","ping_status":"closed","template":"","meta":{"footnotes":""},"class_list":["post-4","page","type-page","status-publish","hentry"],"translation":{"provider":"WPGlobus","version":"3.0.2","language":"en","enabled_languages":["de","en"],"languages":{"de":{"title":true,"content":true,"excerpt":false},"en":{"title":true,"content":false,"excerpt":false}}},"yoast_head":"<!-- This site is optimized with the Yoast SEO plugin v27.3 - https:\/\/yoast.com\/product\/yoast-seo-wordpress\/ -->\n<title>Legal Notice - Project Green Smiley<\/title>\n<meta name=\"robots\" content=\"index, follow, max-snippet:-1, max-image-preview:large, max-video-preview:-1\" \/>\n<link rel=\"canonical\" href=\"https:\/\/www.greensmiley.org\/legal-notice\/\" \/>\n<meta property=\"og:locale\" content=\"en_US\" \/>\n<meta property=\"og:type\" content=\"article\" \/>\n<meta property=\"og:title\" content=\"Legal Notice - Project Green Smiley\" \/>\n<meta property=\"og:url\" content=\"https:\/\/www.greensmiley.org\/legal-notice\/\" \/>\n<meta property=\"og:site_name\" content=\"Project Green Smiley\" \/>\n<meta property=\"article:modified_time\" content=\"2016-06-17T08:15:15+00:00\" \/>\n<meta name=\"twitter:card\" content=\"summary_large_image\" \/>\n<meta name=\"twitter:label1\" content=\"Est. reading time\" \/>\n\t<meta name=\"twitter:data1\" content=\"5 minutes\" \/>\n<script type=\"application\/ld+json\" class=\"yoast-schema-graph\">{\"@context\":\"https:\\\/\\\/schema.org\",\"@graph\":[{\"@type\":\"WebPage\",\"@id\":\"https:\\\/\\\/www.greensmiley.org\\\/legal-notice\\\/\",\"url\":\"https:\\\/\\\/www.greensmiley.org\\\/legal-notice\\\/\",\"name\":\"Legal Notice - Project Green Smiley\",\"isPartOf\":{\"@id\":\"https:\\\/\\\/www.greensmiley.org\\\/#website\"},\"datePublished\":\"2016-06-02T16:47:24+00:00\",\"dateModified\":\"2016-06-17T08:15:15+00:00\",\"breadcrumb\":{\"@id\":\"https:\\\/\\\/www.greensmiley.org\\\/legal-notice\\\/#breadcrumb\"},\"inLanguage\":\"en-US\",\"potentialAction\":[{\"@type\":\"ReadAction\",\"target\":[\"https:\\\/\\\/www.greensmiley.org\\\/legal-notice\\\/\"]}]},{\"@type\":\"BreadcrumbList\",\"@id\":\"https:\\\/\\\/www.greensmiley.org\\\/legal-notice\\\/#breadcrumb\",\"itemListElement\":[{\"@type\":\"ListItem\",\"position\":1,\"name\":\"Startseite\",\"item\":\"https:\\\/\\\/www.greensmiley.org\\\/\"},{\"@type\":\"ListItem\",\"position\":2,\"name\":\"Impressum\"}]},{\"@type\":\"WebSite\",\"@id\":\"https:\\\/\\\/www.greensmiley.org\\\/#website\",\"url\":\"https:\\\/\\\/www.greensmiley.org\\\/\",\"name\":\"Project Green Smiley\",\"description\":\"\",\"potentialAction\":[{\"@type\":\"SearchAction\",\"target\":{\"@type\":\"EntryPoint\",\"urlTemplate\":\"https:\\\/\\\/www.greensmiley.org\\\/?s={search_term_string}\"},\"query-input\":{\"@type\":\"PropertyValueSpecification\",\"valueRequired\":true,\"valueName\":\"search_term_string\"}}],\"inLanguage\":\"en-US\"}]}<\/script>\n<!-- \/ Yoast SEO plugin. -->","yoast_head_json":{"title":"Legal Notice - Project Green Smiley","robots":{"index":"index","follow":"follow","max-snippet":"max-snippet:-1","max-image-preview":"max-image-preview:large","max-video-preview":"max-video-preview:-1"},"canonical":"https:\/\/www.greensmiley.org\/legal-notice\/","og_locale":"en_US","og_type":"article","og_title":"Legal Notice - Project Green Smiley","og_url":"https:\/\/www.greensmiley.org\/legal-notice\/","og_site_name":"Project Green Smiley","article_modified_time":"2016-06-17T08:15:15+00:00","twitter_card":"summary_large_image","twitter_misc":{"Est. reading time":"5 minutes"},"schema":{"@context":"https:\/\/schema.org","@graph":[{"@type":"WebPage","@id":"https:\/\/www.greensmiley.org\/legal-notice\/","url":"https:\/\/www.greensmiley.org\/legal-notice\/","name":"Legal Notice - Project Green Smiley","isPartOf":{"@id":"https:\/\/www.greensmiley.org\/#website"},"datePublished":"2016-06-02T16:47:24+00:00","dateModified":"2016-06-17T08:15:15+00:00","breadcrumb":{"@id":"https:\/\/www.greensmiley.org\/legal-notice\/#breadcrumb"},"inLanguage":"en-US","potentialAction":[{"@type":"ReadAction","target":["https:\/\/www.greensmiley.org\/legal-notice\/"]}]},{"@type":"BreadcrumbList","@id":"https:\/\/www.greensmiley.org\/legal-notice\/#breadcrumb","itemListElement":[{"@type":"ListItem","position":1,"name":"Startseite","item":"https:\/\/www.greensmiley.org\/"},{"@type":"ListItem","position":2,"name":"Impressum"}]},{"@type":"WebSite","@id":"https:\/\/www.greensmiley.org\/#website","url":"https:\/\/www.greensmiley.org\/","name":"Project Green Smiley","description":"","potentialAction":[{"@type":"SearchAction","target":{"@type":"EntryPoint","urlTemplate":"https:\/\/www.greensmiley.org\/?s={search_term_string}"},"query-input":{"@type":"PropertyValueSpecification","valueRequired":true,"valueName":"search_term_string"}}],"inLanguage":"en-US"}]}},"_links":{"self":[{"href":"https:\/\/www.greensmiley.org\/en\/wp-json\/wp\/v2\/pages\/4","targetHints":{"allow":["GET"]}}],"collection":[{"href":"https:\/\/www.greensmiley.org\/en\/wp-json\/wp\/v2\/pages"}],"about":[{"href":"https:\/\/www.greensmiley.org\/en\/wp-json\/wp\/v2\/types\/page"}],"author":[{"embeddable":true,"href":"https:\/\/www.greensmiley.org\/en\/wp-json\/wp\/v2\/users\/2"}],"replies":[{"embeddable":true,"href":"https:\/\/www.greensmiley.org\/en\/wp-json\/wp\/v2\/comments?post=4"}],"version-history":[{"count":9,"href":"https:\/\/www.greensmiley.org\/en\/wp-json\/wp\/v2\/pages\/4\/revisions"}],"predecessor-version":[{"id":1719,"href":"https:\/\/www.greensmiley.org\/en\/wp-json\/wp\/v2\/pages\/4\/revisions\/1719"}],"wp:attachment":[{"href":"https:\/\/www.greensmiley.org\/en\/wp-json\/wp\/v2\/media?parent=4"}],"curies":[{"name":"wp","href":"https:\/\/api.w.org\/{rel}","templated":true}]}}